{"id":7,"date":"2021-09-11T11:29:20","date_gmt":"2021-09-11T11:29:20","guid":{"rendered":"https:\/\/op-volkar.si\/?page_id=7"},"modified":"2022-04-13T08:18:32","modified_gmt":"2022-04-13T08:18:32","slug":"about","status":"publish","type":"page","link":"https:\/\/op-volkar.si\/index.php\/about\/","title":{"rendered":"O PISARNI"},"content":{"rendered":"\n<p class=\"has-text-align-center has-black-color has-text-color\" style=\"font-size:14px\">Odvetni\u0161ka pisarna nudi storitve pravnega svetovanja, sestavljanja listin, zastopanja ter zagovarjanja strank pred sodi\u0161\u010di in drugimi dr\u017eavnimi organi v <strong>civilnih, gospodarskih, upravnih in drugih postopkih<\/strong>.<\/p>\n\n\n\n<p class=\"has-text-align-center has-black-color has-text-color\" style=\"font-size:14px\">V okviru pravnega svetovanja in zastopanja v sled poglobljenega poznavanja trga likovne umetnosti odvetni\u0161ka pisarna ponuja tudi <strong>specializirane pravne storitve na podro\u010dju trga likovne umetnosti in kreativne industrije<\/strong> ter tako nastopa kot <strong>arbiter med kreativnim, izraznim in komercialnimi interesi<\/strong>. <\/p>\n\n\n\n<p class=\"has-text-align-center has-black-color has-text-color\" style=\"font-size:14px\">Pisarna nudi podporo pri pripravi aktov za donacije umetni\u0161kih del, dajanje umetni\u0161kih del na posodo, v zvezi s transportom umetni\u0161kih del ter nudi pravno svetovanje in zastopanje prilagojeno trgu likovne umetnosti in kreativne industrije, ki med drugim zajema tudi pomo\u010d pri pogajanjih, sklepanjih poravnav, sklepanju pravnih poslov v zvezi s prodajo in nakupom umetni\u0161kih del, podporo pri zaposlitvah v kreativnem sektorju ali postavitvi podjema ter podporo pri sklepanju najemnih pogodb. <\/p>\n\n\n\n<p class=\"has-text-align-center has-black-color has-text-color\" style=\"font-size:14px\"><strong>Odvetnica Zala Hostnik Volkar<\/strong> je diplomirala na ljubljanski Pravni fakulteti s podro\u010dja ekonomske analize prava intelektualne lastnine. Do ustanovitve pisarne je delo opravljala kot pripravnica ter po opravljenem pravosodnem izpitu kot odvetni\u0161ka kandidatka in odvetnica v odvetni\u0161ki dru\u017ebi Odvetni\u0161ka dru\u017eba \u010ceferin in partnerji o.p., d.o.o. <\/p>\n\n\n\n<p class=\"has-text-align-center has-black-color has-text-color\" style=\"font-size:14px\">Odvetnica ima <strong>izku\u0161nje <\/strong>s strankami s \u0161ir\u0161ega podro\u010dja sektorjev, vklju\u010dno s farmacevtsko industrijo, prodajnim sektorjem, kjer je med drugim nudila podporo tudi ve\u010dji dru\u017ebi s podro\u010dja uvoza in distribucije pija\u010d v celotni verigi, delovnopravnimi vpra\u0161anji, pregledom pogodb, aktivnega zastopanja strank v zvezi s spori s podro\u010dja avtorskega prava in prava blagovnih znamk, priprave licen\u010dnih pogodb in zastopanja kolektivnih organizacij. <\/p>\n\n\n\n<p class=\"has-text-align-center has-black-color has-text-color\" style=\"font-size:14px\">Pri projektu Po kreativni poti do znanja (PKP) Umetni\u0161ka dela na spletu in avtorsko pravo je kot <strong>zunanji delovni mentor <\/strong>sodelovala z Akademijo za likovno umetnost in oblikovanje, Univerze v Ljubljani.<\/p>\n\n\n\n<p class=\"has-text-align-center has-black-color has-text-color\" style=\"font-size:14px\">Odvetni\u0161ke storitve odvetnica opravlja tako v <strong>slovenskem kot angle\u0161kem in hrva\u0161kem jeziku<\/strong>.<\/p>\n","protected":false},"excerpt":{"rendered":"<p>Odvetni\u0161ka pisarna nudi storitve pravnega svetovanja, sestavljanja listin, zastopanja ter zagovarjanja strank pred sodi\u0161\u010di in drugimi dr\u017eavnimi organi v civilnih, gospodarskih, upravnih in drugih postopkih. V okviru pravnega svetovanja in<\/p>\n<p class=\"more-link\"><a href=\"https:\/\/op-volkar.si\/index.php\/about\/\" class=\"readmore\">Continue reading<svg class=\"icon icon-arrow-right\" aria-hidden=\"true\" role=\"img\"> <use href=\"#icon-arrow-right\" xlink:href=\"#icon-arrow-right\"><\/use> <\/svg><span class=\"screen-reader-text\">O PISARNI<\/span><\/a><\/p>\n","protected":false},"author":1,"featured_media":0,"parent":0,"menu_order":0,"comment_status":"closed","ping_status":"closed","template":"","meta":{"spay_email":"","footnotes":""},"class_list":["post-7","page","type-page","status-publish","hentry"],"yoast_head":"<!-- This site is optimized with the Yoast SEO plugin v17.1 - https:\/\/yoast.com\/wordpress\/plugins\/seo\/ -->\n<title>O PISARNI - Odvetnica ZALA HOSTNIK VOLKAR<\/title>\n<meta name=\"robots\" content=\"index, follow, max-snippet:-1, max-image-preview:large, max-video-preview:-1\" \/>\n<link rel=\"canonical\" href=\"https:\/\/op-volkar.si\/index.php\/about\/\" \/>\n<meta property=\"og:locale\" content=\"en_US\" \/>\n<meta property=\"og:type\" content=\"article\" \/>\n<meta property=\"og:title\" content=\"O PISARNI - Odvetnica ZALA HOSTNIK VOLKAR\" \/>\n<meta property=\"og:description\" content=\"Odvetni\u0161ka pisarna nudi storitve pravnega svetovanja, sestavljanja listin, zastopanja ter zagovarjanja strank pred sodi\u0161\u010di in drugimi dr\u017eavnimi organi v civilnih, gospodarskih, upravnih in drugih postopkih. V okviru pravnega svetovanja inContinue reading O PISARNI\" \/>\n<meta property=\"og:url\" content=\"https:\/\/op-volkar.si\/index.php\/about\/\" \/>\n<meta property=\"og:site_name\" content=\"Odvetnica ZALA HOSTNIK VOLKAR\" \/>\n<meta property=\"article:modified_time\" content=\"2022-04-13T08:18:32+00:00\" \/>\n<meta name=\"twitter:card\" content=\"summary_large_image\" \/>\n<meta name=\"twitter:label1\" content=\"Est. reading time\" \/>\n\t<meta name=\"twitter:data1\" content=\"2 minutes\" \/>\n<script type=\"application\/ld+json\" class=\"yoast-schema-graph\">{\"@context\":\"https:\/\/schema.org\",\"@graph\":[{\"@type\":\"WebSite\",\"@id\":\"https:\/\/op-volkar.si\/#website\",\"url\":\"https:\/\/op-volkar.si\/\",\"name\":\"Odvetnica ZALA VOLKAR\",\"description\":\"stran je v izdelavi - zahvaljujemo se za razumevanje\",\"potentialAction\":[{\"@type\":\"SearchAction\",\"target\":{\"@type\":\"EntryPoint\",\"urlTemplate\":\"https:\/\/op-volkar.si\/?s={search_term_string}\"},\"query-input\":\"required name=search_term_string\"}],\"inLanguage\":\"en-US\"},{\"@type\":\"WebPage\",\"@id\":\"https:\/\/op-volkar.si\/index.php\/about\/#webpage\",\"url\":\"https:\/\/op-volkar.si\/index.php\/about\/\",\"name\":\"O PISARNI - Odvetnica ZALA HOSTNIK VOLKAR\",\"isPartOf\":{\"@id\":\"https:\/\/op-volkar.si\/#website\"},\"datePublished\":\"2021-09-11T11:29:20+00:00\",\"dateModified\":\"2022-04-13T08:18:32+00:00\",\"breadcrumb\":{\"@id\":\"https:\/\/op-volkar.si\/index.php\/about\/#breadcrumb\"},\"inLanguage\":\"en-US\",\"potentialAction\":[{\"@type\":\"ReadAction\",\"target\":[\"https:\/\/op-volkar.si\/index.php\/about\/\"]}]},{\"@type\":\"BreadcrumbList\",\"@id\":\"https:\/\/op-volkar.si\/index.php\/about\/#breadcrumb\",\"itemListElement\":[{\"@type\":\"ListItem\",\"position\":1,\"name\":\"Home\",\"item\":\"https:\/\/op-volkar.si\/\"},{\"@type\":\"ListItem\",\"position\":2,\"name\":\"O PISARNI\"}]}]}<\/script>\n<!-- \/ Yoast SEO plugin. -->","yoast_head_json":{"title":"O PISARNI - Odvetnica ZALA HOSTNIK VOLKAR","robots":{"index":"index","follow":"follow","max-snippet":"max-snippet:-1","max-image-preview":"max-image-preview:large","max-video-preview":"max-video-preview:-1"},"canonical":"https:\/\/op-volkar.si\/index.php\/about\/","og_locale":"en_US","og_type":"article","og_title":"O PISARNI - Odvetnica ZALA HOSTNIK VOLKAR","og_description":"Odvetni\u0161ka pisarna nudi storitve pravnega svetovanja, sestavljanja listin, zastopanja ter zagovarjanja strank pred sodi\u0161\u010di in drugimi dr\u017eavnimi organi v civilnih, gospodarskih, upravnih in drugih postopkih. V okviru pravnega svetovanja inContinue reading O PISARNI","og_url":"https:\/\/op-volkar.si\/index.php\/about\/","og_site_name":"Odvetnica ZALA HOSTNIK VOLKAR","article_modified_time":"2022-04-13T08:18:32+00:00","twitter_card":"summary_large_image","twitter_misc":{"Est. reading time":"2 minutes"},"schema":{"@context":"https:\/\/schema.org","@graph":[{"@type":"WebSite","@id":"https:\/\/op-volkar.si\/#website","url":"https:\/\/op-volkar.si\/","name":"Odvetnica ZALA VOLKAR","description":"stran je v izdelavi - zahvaljujemo se za razumevanje","potentialAction":[{"@type":"SearchAction","target":{"@type":"EntryPoint","urlTemplate":"https:\/\/op-volkar.si\/?s={search_term_string}"},"query-input":"required name=search_term_string"}],"inLanguage":"en-US"},{"@type":"WebPage","@id":"https:\/\/op-volkar.si\/index.php\/about\/#webpage","url":"https:\/\/op-volkar.si\/index.php\/about\/","name":"O PISARNI - Odvetnica ZALA HOSTNIK VOLKAR","isPartOf":{"@id":"https:\/\/op-volkar.si\/#website"},"datePublished":"2021-09-11T11:29:20+00:00","dateModified":"2022-04-13T08:18:32+00:00","breadcrumb":{"@id":"https:\/\/op-volkar.si\/index.php\/about\/#breadcrumb"},"inLanguage":"en-US","potentialAction":[{"@type":"ReadAction","target":["https:\/\/op-volkar.si\/index.php\/about\/"]}]},{"@type":"BreadcrumbList","@id":"https:\/\/op-volkar.si\/index.php\/about\/#breadcrumb","itemListElement":[{"@type":"ListItem","position":1,"name":"Home","item":"https:\/\/op-volkar.si\/"},{"@type":"ListItem","position":2,"name":"O PISARNI"}]}]}},"_links":{"self":[{"href":"https:\/\/op-volkar.si\/index.php\/wp-json\/wp\/v2\/pages\/7","targetHints":{"allow":["GET"]}}],"collection":[{"href":"https:\/\/op-volkar.si\/index.php\/wp-json\/wp\/v2\/pages"}],"about":[{"href":"https:\/\/op-volkar.si\/index.php\/wp-json\/wp\/v2\/types\/page"}],"author":[{"embeddable":true,"href":"https:\/\/op-volkar.si\/index.php\/wp-json\/wp\/v2\/users\/1"}],"replies":[{"embeddable":true,"href":"https:\/\/op-volkar.si\/index.php\/wp-json\/wp\/v2\/comments?post=7"}],"version-history":[{"count":19,"href":"https:\/\/op-volkar.si\/index.php\/wp-json\/wp\/v2\/pages\/7\/revisions"}],"predecessor-version":[{"id":198,"href":"https:\/\/op-volkar.si\/index.php\/wp-json\/wp\/v2\/pages\/7\/revisions\/198"}],"wp:attachment":[{"href":"https:\/\/op-volkar.si\/index.php\/wp-json\/wp\/v2\/media?parent=7"}],"curies":[{"name":"wp","href":"https:\/\/api.w.org\/{rel}","templated":true}]}}