{"id":3,"date":"2021-09-11T11:11:47","date_gmt":"2021-09-11T11:11:47","guid":{"rendered":"https:\/\/op-volkar.si\/?page_id=3"},"modified":"2021-11-03T11:50:46","modified_gmt":"2021-11-03T11:50:46","slug":"privacy-policy","status":"publish","type":"page","link":"https:\/\/op-volkar.si\/index.php\/privacy-policy\/","title":{"rendered":"Informacije o uporabi pi\u0161kotkov"},"content":{"rendered":"\n<h6 class=\"has-extra-small-font-size wp-block-heading\">Zakon o elektronskih komunikacijah je v slovenski pravni red prenesel Direktivo o zasebnosti v elektronskih komunikacijah 2002\/58\/ES. Dolo\u010dbe novega zakona veljajo za vse spletne strani, ki na kakr\u0161enkoli na\u010din za svoje delovanje uporabljajo spletne pi\u0161kotke in podobne tehnologije.<\/h6>\n\n\n\n<p class=\"has-extra-small-font-size\">V Direktivi je bil spremenjen \u010dlen, ki govori o pi\u0161kotkih in podobnih tehnologijah, s katerimi je mogo\u010de shranjevati informacije ali pridobivati informacije, shranjene na uporabnikovi terminalni opremi (kot je npr. ra\u010dunalnik, mobilna naprava). Uporaba takih tehnologij je mogo\u010da le na podlagi privolitve uporabnika.<\/p>\n\n\n\n<p class=\"has-extra-small-font-size\">Pi\u0161kotek je majhna tekstovna datoteka, ki se prenese na ra\u010dunalnik uporabnika ob njegovem obisku spletne strani in obi\u010dajno vsebuje:<\/p>\n\n\n\n<ul class=\"has-extra-small-font-size wp-block-list\"><li>ime stre\u017enika, s katerega je bil poslan pi\u0161kotek;<\/li><li>\u017eivljenjsko dobo pi\u0161kotka;<\/li><li>vrednost \u2013 navadno naklju\u010dno generirano edinstveno \u0161tevilo.<\/li><\/ul>\n\n\n\n<p class=\"has-extra-small-font-size\">Sam pi\u0161kotek ne vsebuje ali zbira informacij. \u010ce pa ga prebere stre\u017enik skupaj s spletnim brskalnikom, je to lahko spletnemu mestu v pomo\u010d pri izvajanju uporabniku prijaznej\u0161ih storitev \u2013 na primer tako, da se spomni prej\u0161njih nakupov ali podatkov o uporabnikovem ra\u010dunu. Samo stre\u017enik, ki je poslal pi\u0161kotek, lahko prebere in uporablja ta pi\u0161kotek. Na spletnem mestu, vrednem zaupanja, lahko tako pi\u0161kotki obogatijo izku\u0161njo. Lahko pa so pi\u0161kotki uporabljeni tudi na na\u010dine, ki pomenijo poseg v posameznikovo zasebnost. Pi\u0161kotki so lahko shranjeni razli\u010dno dolgo, le za trajanje seje brskanja ali pa veliko dlje.<\/p>\n\n\n\n<p class=\"has-extra-small-font-size\"><br>V skladu z ZEKom-1, smernicami IP-RS ter dodatnimi mnenji IP-RS so morda nekateri analiti\u010dni pi\u0161kotki za uporabo lastne analitike \u017ee bili servirani ob obisku te spletne strani. Pri uporabi analitike tretjih oseb spo\u0161tujemo zakonodajo in temu primerno va\u0161e podatke anonimiziramo tako, da jih ni mogo\u010de uporabiti v druge namene kot za na\u0161o lastno analitiko obiskanosti spletnih strani.<\/p>\n\n\n\n<p class=\"has-extra-small-font-size\">Ve\u010d o Google Analytics pi\u0161kotkih, njihovem namenu in trajanju si lahko preberete na spletni strani<a href=\"https:\/\/cookiestatement.eu\/\"> Cookie statement<\/a>.<\/p>\n\n\n\n<p class=\"has-extra-small-font-size\">\u010ce \u017eelite blokirati Google Analytics, to lahko storite na <a href=\"https:\/\/tools.google.com\/dlpage\/gaoptout\">tej spletni strani.<\/a><\/p>\n\n\n\n<p class=\"has-extra-small-font-size\">Pi\u0161kotki se uporabljajo za zbiranje informacij kako uporabniki uporabljajo spletno stran. Podatki nam pomagajo pri izbolj\u0161evanju re\u0161itve. Pi\u0161kotki zbirajo podatke anonimno vklju\u010dno s podatki o \u0161tevilu uporabnikov strani, od kod uporabniki prihajajo in s katerih strani.<\/p>\n\n\n\n<p class=\"has-extra-small-font-size\">\u010ce \u017eelite izbrisati Google Analytics pi\u0161kotke tega spletnega mesta, to lahko storite s klikom na<br>\u00bbNe strinjam se s uporabo pi\u0161kotkov\u00ab.<br>V kolikor \u017eelite zopet uporabiti Google Analytics pi\u0161kotke tega spletnega mesta to lahko storite s klikom na<br>\u00bbStrinjam se z uporabo pi\u0161kotkov\u00ab.<\/p>\n\n\n\n<p class=\"has-extra-small-font-size\">Analiti\u010dni pi\u0161kotki se uporabljajo za izvajanje stati\u010dnih analiz o na\u010dinu uporabe in krmarjenju po spletni strani. Analiti\u010dni pi\u0161kotki nam pomagajo razumeti katere informacije so najkoristnej\u0161e za uporabnike ter nam omogo\u010dajo izbolj\u0161anje spletene strani. Ti pi\u0161kotki niso nujno potrebni za delovanje spletne strani, vendar izbolj\u0161ujejo kakovost krmarjenja po spletni strani in splo\u0161no uporabni\u0161ko izku\u0161njo.<\/p>\n\n\n\n<p class=\"has-extra-small-font-size\">Pi\u0161kotki, ki jih uporabljamo na na\u0161i spletni strani, ne zbirajo va\u0161ih osebnih podatkov, s katerimi bi vas bilo mogo\u010de osebno prepoznati in ne morejo po\u0161kodovati va\u0161e naprave.&nbsp;<\/p>\n\n\n\n<p class=\"has-extra-small-font-size\">Ob dostopanju do spletne strani se na strani prika\u017ee kratko obvestilo o pi\u0161kotkih. Z zaprtjem obvestila, nadaljnjim krmarjenjem po spletni strani, obiskom drugih strani ali izbiro elementa (npr. slike ali povezave) na isti strani, sogla\u0161ate z uporabo pi\u0161kotkov.&nbsp;<\/p>\n\n\n\n<p class=\"has-extra-small-font-size\">Skladno z zakonom soglasje uporabnika ni potrebno za uporabo funkcionalnih in anonimnih analiti\u010dnih pi\u0161kotkov. Lastnik spletne strani omenjene pi\u0161kote uporablja na podlagi zakonitega interesa lastnika za izbolj\u0161anje navigacije in uporabe spletne strani.<\/p>\n","protected":false},"excerpt":{"rendered":"<p>Zakon o elektronskih komunikacijah je v slovenski pravni red prenesel Direktivo o zasebnosti v elektronskih komunikacijah 2002\/58\/ES. Dolo\u010dbe novega zakona veljajo za vse spletne strani, ki na kakr\u0161enkoli na\u010din za<\/p>\n<p class=\"more-link\"><a href=\"https:\/\/op-volkar.si\/index.php\/privacy-policy\/\" class=\"readmore\">Continue reading<svg class=\"icon icon-arrow-right\" aria-hidden=\"true\" role=\"img\"> <use href=\"#icon-arrow-right\" xlink:href=\"#icon-arrow-right\"><\/use> <\/svg><span class=\"screen-reader-text\">Informacije o uporabi pi\u0161kotkov<\/span><\/a><\/p>\n","protected":false},"author":1,"featured_media":0,"parent":0,"menu_order":3,"comment_status":"closed","ping_status":"closed","template":"","meta":{"spay_email":"","footnotes":""},"class_list":["post-3","page","type-page","status-publish","hentry"],"yoast_head":"<!-- This site is optimized with the Yoast SEO plugin v17.1 - https:\/\/yoast.com\/wordpress\/plugins\/seo\/ -->\n<title>Informacije o uporabi pi\u0161kotkov - Odvetnica ZALA HOSTNIK VOLKAR<\/title>\n<meta name=\"robots\" content=\"index, follow, max-snippet:-1, max-image-preview:large, max-video-preview:-1\" \/>\n<link rel=\"canonical\" href=\"https:\/\/op-volkar.si\/index.php\/privacy-policy\/\" \/>\n<meta property=\"og:locale\" content=\"en_US\" \/>\n<meta property=\"og:type\" content=\"article\" \/>\n<meta property=\"og:title\" content=\"Informacije o uporabi pi\u0161kotkov - Odvetnica ZALA HOSTNIK VOLKAR\" \/>\n<meta property=\"og:description\" content=\"Zakon o elektronskih komunikacijah je v slovenski pravni red prenesel Direktivo o zasebnosti v elektronskih komunikacijah 2002\/58\/ES. Dolo\u010dbe novega zakona veljajo za vse spletne strani, ki na kakr\u0161enkoli na\u010din zaContinue reading Informacije o uporabi pi\u0161kotkov\" \/>\n<meta property=\"og:url\" content=\"https:\/\/op-volkar.si\/index.php\/privacy-policy\/\" \/>\n<meta property=\"og:site_name\" content=\"Odvetnica ZALA HOSTNIK VOLKAR\" \/>\n<meta property=\"article:modified_time\" content=\"2021-11-03T11:50:46+00:00\" \/>\n<meta name=\"twitter:card\" content=\"summary_large_image\" \/>\n<meta name=\"twitter:label1\" content=\"Est. reading time\" \/>\n\t<meta name=\"twitter:data1\" content=\"3 minutes\" \/>\n<script type=\"application\/ld+json\" class=\"yoast-schema-graph\">{\"@context\":\"https:\/\/schema.org\",\"@graph\":[{\"@type\":\"WebSite\",\"@id\":\"https:\/\/op-volkar.si\/#website\",\"url\":\"https:\/\/op-volkar.si\/\",\"name\":\"Odvetnica ZALA VOLKAR\",\"description\":\"stran je v izdelavi - zahvaljujemo se za razumevanje\",\"potentialAction\":[{\"@type\":\"SearchAction\",\"target\":{\"@type\":\"EntryPoint\",\"urlTemplate\":\"https:\/\/op-volkar.si\/?s={search_term_string}\"},\"query-input\":\"required name=search_term_string\"}],\"inLanguage\":\"en-US\"},{\"@type\":\"WebPage\",\"@id\":\"https:\/\/op-volkar.si\/index.php\/privacy-policy\/#webpage\",\"url\":\"https:\/\/op-volkar.si\/index.php\/privacy-policy\/\",\"name\":\"Informacije o uporabi pi\\u0161kotkov - Odvetnica ZALA HOSTNIK VOLKAR\",\"isPartOf\":{\"@id\":\"https:\/\/op-volkar.si\/#website\"},\"datePublished\":\"2021-09-11T11:11:47+00:00\",\"dateModified\":\"2021-11-03T11:50:46+00:00\",\"breadcrumb\":{\"@id\":\"https:\/\/op-volkar.si\/index.php\/privacy-policy\/#breadcrumb\"},\"inLanguage\":\"en-US\",\"potentialAction\":[{\"@type\":\"ReadAction\",\"target\":[\"https:\/\/op-volkar.si\/index.php\/privacy-policy\/\"]}]},{\"@type\":\"BreadcrumbList\",\"@id\":\"https:\/\/op-volkar.si\/index.php\/privacy-policy\/#breadcrumb\",\"itemListElement\":[{\"@type\":\"ListItem\",\"position\":1,\"name\":\"Home\",\"item\":\"https:\/\/op-volkar.si\/\"},{\"@type\":\"ListItem\",\"position\":2,\"name\":\"Informacije o uporabi pi\\u0161kotkov\"}]}]}<\/script>\n<!-- \/ Yoast SEO plugin. -->","yoast_head_json":{"title":"Informacije o uporabi pi\u0161kotkov - Odvetnica ZALA HOSTNIK VOLKAR","robots":{"index":"index","follow":"follow","max-snippet":"max-snippet:-1","max-image-preview":"max-image-preview:large","max-video-preview":"max-video-preview:-1"},"canonical":"https:\/\/op-volkar.si\/index.php\/privacy-policy\/","og_locale":"en_US","og_type":"article","og_title":"Informacije o uporabi pi\u0161kotkov - Odvetnica ZALA HOSTNIK VOLKAR","og_description":"Zakon o elektronskih komunikacijah je v slovenski pravni red prenesel Direktivo o zasebnosti v elektronskih komunikacijah 2002\/58\/ES. Dolo\u010dbe novega zakona veljajo za vse spletne strani, ki na kakr\u0161enkoli na\u010din zaContinue reading Informacije o uporabi pi\u0161kotkov","og_url":"https:\/\/op-volkar.si\/index.php\/privacy-policy\/","og_site_name":"Odvetnica ZALA HOSTNIK VOLKAR","article_modified_time":"2021-11-03T11:50:46+00:00","twitter_card":"summary_large_image","twitter_misc":{"Est. reading time":"3 minutes"},"schema":{"@context":"https:\/\/schema.org","@graph":[{"@type":"WebSite","@id":"https:\/\/op-volkar.si\/#website","url":"https:\/\/op-volkar.si\/","name":"Odvetnica ZALA VOLKAR","description":"stran je v izdelavi - zahvaljujemo se za razumevanje","potentialAction":[{"@type":"SearchAction","target":{"@type":"EntryPoint","urlTemplate":"https:\/\/op-volkar.si\/?s={search_term_string}"},"query-input":"required name=search_term_string"}],"inLanguage":"en-US"},{"@type":"WebPage","@id":"https:\/\/op-volkar.si\/index.php\/privacy-policy\/#webpage","url":"https:\/\/op-volkar.si\/index.php\/privacy-policy\/","name":"Informacije o uporabi pi\u0161kotkov - Odvetnica ZALA HOSTNIK VOLKAR","isPartOf":{"@id":"https:\/\/op-volkar.si\/#website"},"datePublished":"2021-09-11T11:11:47+00:00","dateModified":"2021-11-03T11:50:46+00:00","breadcrumb":{"@id":"https:\/\/op-volkar.si\/index.php\/privacy-policy\/#breadcrumb"},"inLanguage":"en-US","potentialAction":[{"@type":"ReadAction","target":["https:\/\/op-volkar.si\/index.php\/privacy-policy\/"]}]},{"@type":"BreadcrumbList","@id":"https:\/\/op-volkar.si\/index.php\/privacy-policy\/#breadcrumb","itemListElement":[{"@type":"ListItem","position":1,"name":"Home","item":"https:\/\/op-volkar.si\/"},{"@type":"ListItem","position":2,"name":"Informacije o uporabi pi\u0161kotkov"}]}]}},"_links":{"self":[{"href":"https:\/\/op-volkar.si\/index.php\/wp-json\/wp\/v2\/pages\/3","targetHints":{"allow":["GET"]}}],"collection":[{"href":"https:\/\/op-volkar.si\/index.php\/wp-json\/wp\/v2\/pages"}],"about":[{"href":"https:\/\/op-volkar.si\/index.php\/wp-json\/wp\/v2\/types\/page"}],"author":[{"embeddable":true,"href":"https:\/\/op-volkar.si\/index.php\/wp-json\/wp\/v2\/users\/1"}],"replies":[{"embeddable":true,"href":"https:\/\/op-volkar.si\/index.php\/wp-json\/wp\/v2\/comments?post=3"}],"version-history":[{"count":6,"href":"https:\/\/op-volkar.si\/index.php\/wp-json\/wp\/v2\/pages\/3\/revisions"}],"predecessor-version":[{"id":146,"href":"https:\/\/op-volkar.si\/index.php\/wp-json\/wp\/v2\/pages\/3\/revisions\/146"}],"wp:attachment":[{"href":"https:\/\/op-volkar.si\/index.php\/wp-json\/wp\/v2\/media?parent=3"}],"curies":[{"name":"wp","href":"https:\/\/api.w.org\/{rel}","templated":true}]}}